{"id":280,"date":"2022-06-15T14:15:30","date_gmt":"2022-06-15T12:15:30","guid":{"rendered":"https:\/\/studiomikaca.com\/?page_id=280"},"modified":"2025-09-08T14:01:24","modified_gmt":"2025-09-08T12:01:24","slug":"kontakt","status":"publish","type":"page","link":"https:\/\/studiomikaca.com\/en\/kontakt\/","title":{"rendered":"Contact"},"content":{"rendered":"<div data-elementor-type=\"wp-page\" data-elementor-id=\"280\" class=\"elementor elementor-280\" data-elementor-settings=\"{&quot;ha_cmc_init_switcher&quot;:&quot;no&quot;}\" data-elementor-post-type=\"page\">\n\t\t\t\t\t\t<section class=\"elementor-section elementor-top-section elementor-element elementor-element-3f071c5c elementor-section-boxed elementor-section-height-default elementor-section-height-default\" data-id=\"3f071c5c\" data-element_type=\"section\" data-settings=\"{&quot;_ha_eqh_enable&quot;:false}\">\n\t\t\t\t\t\t<div class=\"elementor-container elementor-column-gap-default\">\n\t\t\t\t\t<div class=\"elementor-column elementor-col-50 elementor-top-column elementor-element elementor-element-596227ff\" data-id=\"596227ff\" data-element_type=\"column\">\n\t\t\t<div class=\"elementor-widget-wrap elementor-element-populated\">\n\t\t\t\t\t\t<div class=\"elementor-element elementor-element-1b038658 elementor-widget elementor-widget-heading\" data-id=\"1b038658\" data-element_type=\"widget\" data-widget_type=\"heading.default\">\n\t\t\t\t<div class=\"elementor-widget-container\">\n\t\t\t\t\t<h1 class=\"elementor-heading-title elementor-size-default\">Contact us<\/h1>\t\t\t\t<\/div>\n\t\t\t\t<\/div>\n\t\t\t\t<div class=\"elementor-element elementor-element-7c87309d elementor-widget elementor-widget-text-editor\" data-id=\"7c87309d\" data-element_type=\"widget\" data-widget_type=\"text-editor.default\">\n\t\t\t\t<div class=\"elementor-widget-container\">\n\t\t\t\t\t\t\t\t\t<p>If you have questions about our products or would like to order a massage, feel free to contact us using the form below or on the phone number.<\/p>\t\t\t\t\t\t\t\t<\/div>\n\t\t\t\t<\/div>\n\t\t\t\t<div class=\"elementor-element elementor-element-55afe033 elementor-button-align-start elementor-widget elementor-widget-form\" data-id=\"55afe033\" data-element_type=\"widget\" data-settings=\"{&quot;step_next_label&quot;:&quot;Next&quot;,&quot;step_previous_label&quot;:&quot;Previous&quot;,&quot;button_width&quot;:&quot;100&quot;,&quot;step_type&quot;:&quot;number_text&quot;,&quot;step_icon_shape&quot;:&quot;circle&quot;}\" data-widget_type=\"form.default\">\n\t\t\t\t<div class=\"elementor-widget-container\">\n\t\t\t\t\t\t\t<form class=\"elementor-form\" method=\"post\" name=\"Kontakt forma\" action=\"\">\n\t\t\t<input type=\"hidden\" name=\"post_id\" value=\"280\"\/>\n\t\t\t<input type=\"hidden\" name=\"form_id\" value=\"55afe033\"\/>\n\t\t\t<input type=\"hidden\" name=\"referer_title\" value=\"Kontakt - STUDIO MIKA\u010cA\" \/>\n\n\t\t\t\t\t\t\t<input type=\"hidden\" name=\"queried_id\" value=\"280\"\/>\n\t\t\t\n\t\t\t<div class=\"elementor-form-fields-wrapper elementor-labels-\">\n\t\t\t\t\t\t\t\t<div class=\"elementor-field-type-text elementor-field-group elementor-column elementor-field-group-name elementor-col-50 elementor-field-required\">\n\t\t\t\t\t\t\t\t\t\t\t\t<label for=\"form-field-name\" class=\"elementor-field-label elementor-screen-only\">\n\t\t\t\t\t\t\t\tFirst and last name\t\t\t\t\t\t\t<\/label>\n\t\t\t\t\t\t\t\t\t\t\t\t\t\t<input size=\"1\" type=\"text\" name=\"form_fields[name]\" id=\"form-field-name\" class=\"elementor-field elementor-size-sm  elementor-field-textual\" placeholder=\"First and last name\" required=\"required\" aria-required=\"true\">\n\t\t\t\t\t\t\t\t\t\t\t<\/div>\n\t\t\t\t\t\t\t\t<div class=\"elementor-field-type-email elementor-field-group elementor-column elementor-field-group-email elementor-col-50 elementor-field-required\">\n\t\t\t\t\t\t\t\t\t\t\t\t<label for=\"form-field-email\" class=\"elementor-field-label elementor-screen-only\">\n\t\t\t\t\t\t\t\tE-mail\t\t\t\t\t\t\t<\/label>\n\t\t\t\t\t\t\t\t\t\t\t\t\t\t<input size=\"1\" type=\"email\" name=\"form_fields[email]\" id=\"form-field-email\" class=\"elementor-field elementor-size-sm  elementor-field-textual\" placeholder=\"E-mail\" required=\"required\" aria-required=\"true\">\n\t\t\t\t\t\t\t\t\t\t\t<\/div>\n\t\t\t\t\t\t\t\t<div class=\"elementor-field-type-text elementor-field-group elementor-column elementor-field-group-field_3e620a5 elementor-col-50 elementor-field-required\">\n\t\t\t\t\t\t\t\t\t\t\t\t<label for=\"form-field-field_3e620a5\" class=\"elementor-field-label elementor-screen-only\">\n\t\t\t\t\t\t\t\tPhone number\t\t\t\t\t\t\t<\/label>\n\t\t\t\t\t\t\t\t\t\t\t\t\t\t<input size=\"1\" type=\"text\" name=\"form_fields[field_3e620a5]\" id=\"form-field-field_3e620a5\" class=\"elementor-field elementor-size-sm  elementor-field-textual\" placeholder=\"Phone number\" required=\"required\" aria-required=\"true\">\n\t\t\t\t\t\t\t\t\t\t\t<\/div>\n\t\t\t\t\t\t\t\t<div class=\"elementor-field-type-select elementor-field-group elementor-column elementor-field-group-field_b80f7a6 elementor-col-50 elementor-field-required\">\n\t\t\t\t\t\t\t\t\t\t\t\t<label for=\"form-field-field_b80f7a6\" class=\"elementor-field-label elementor-screen-only\">\n\t\t\t\t\t\t\t\tIzaberite uslugu\t\t\t\t\t\t\t<\/label>\n\t\t\t\t\t\t\t\t<div class=\"elementor-field elementor-select-wrapper remove-before\">\n\t\t\t<div class=\"select-caret-down-wrapper\">\n\t\t\t\t<i aria-hidden=\"true\" class=\"eicon-caret-down\"><\/i>\t\t\t<\/div>\n\t\t\t<select name=\"form_fields[field_b80f7a6]\" id=\"form-field-field_b80f7a6\" class=\"elementor-field-textual elementor-size-sm\" required=\"required\" aria-required=\"true\">\n\t\t\t\t\t\t\t\t\t<option value=\"Izaberite uslugu\">Izaberite uslugu<\/option>\n\t\t\t\t\t\t\t\t\t<option value=\"Upit u vezi proizvoda\">Upit u vezi proizvoda<\/option>\n\t\t\t\t\t\t\t\t\t<option value=\"Upit u vezi terapijskih tretmana\">Upit u vezi terapijskih tretmana<\/option>\n\t\t\t\t\t\t\t\t\t<option value=\"Rezervacija termina za masa\u017eu\">Rezervacija termina za masa\u017eu<\/option>\n\t\t\t\t\t\t\t<\/select>\n\t\t<\/div>\n\t\t\t\t\t\t<\/div>\n\t\t\t\t\t\t\t\t<div class=\"elementor-field-type-textarea elementor-field-group elementor-column elementor-field-group-message elementor-col-100 elementor-field-required\">\n\t\t\t\t\t\t\t\t\t\t\t\t<label for=\"form-field-message\" class=\"elementor-field-label elementor-screen-only\">\n\t\t\t\t\t\t\t\tVa\u0161a poruka\t\t\t\t\t\t\t<\/label>\n\t\t\t\t\t\t<textarea class=\"elementor-field-textual elementor-field  elementor-size-sm\" name=\"form_fields[message]\" id=\"form-field-message\" rows=\"6\" placeholder=\"Write Your message\" required=\"required\" aria-required=\"true\"><\/textarea>\t\t\t\t<\/div>\n\t\t\t\t\t\t\t\t<div class=\"elementor-field-group elementor-column elementor-field-type-submit elementor-col-100 e-form__buttons\">\n\t\t\t\t\t<button class=\"elementor-button elementor-size-sm\" type=\"submit\">\n\t\t\t\t\t\t<span class=\"elementor-button-content-wrapper\">\n\t\t\t\t\t\t\t\t\t\t\t\t\t\t\t\t\t\t\t\t\t\t<span class=\"elementor-button-text\">Send<\/span>\n\t\t\t\t\t\t\t\t\t\t\t\t\t<\/span>\n\t\t\t\t\t<\/button>\n\t\t\t\t<\/div>\n\t\t\t<\/div>\n\t\t<input type=\"hidden\" name=\"trp-form-language\" value=\"en\"\/><\/form>\n\t\t\t\t\t\t<\/div>\n\t\t\t\t<\/div>\n\t\t\t\t\t<\/div>\n\t\t<\/div>\n\t\t\t\t<div class=\"elementor-column elementor-col-50 elementor-top-column elementor-element elementor-element-71a54eba\" data-id=\"71a54eba\" data-element_type=\"column\">\n\t\t\t<div class=\"elementor-widget-wrap elementor-element-populated\">\n\t\t\t\t\t\t<section class=\"elementor-section elementor-inner-section elementor-element elementor-element-615c5ad elementor-section-boxed elementor-section-height-default elementor-section-height-default\" data-id=\"615c5ad\" data-element_type=\"section\" data-settings=\"{&quot;_ha_eqh_enable&quot;:false}\">\n\t\t\t\t\t\t<div class=\"elementor-container elementor-column-gap-default\">\n\t\t\t\t\t<div class=\"elementor-column elementor-col-100 elementor-inner-column elementor-element elementor-element-8ea74c0\" data-id=\"8ea74c0\" data-element_type=\"column\">\n\t\t\t<div class=\"elementor-widget-wrap elementor-element-populated\">\n\t\t\t\t\t\t<div class=\"elementor-element elementor-element-55f16b0 elementor-widget elementor-widget-text-editor\" data-id=\"55f16b0\" data-element_type=\"widget\" data-widget_type=\"text-editor.default\">\n\t\t\t\t<div class=\"elementor-widget-container\">\n\t\t\t\t\t\t\t\t\t<p><strong>Studio for balance, body and physio care MIKA\u010cA Dragan Mika\u010da s.p. Banja Luka<\/strong><\/p><p>Tel: <a href=\"tel:+38765560230\">+387 65 560 230<\/a><br \/>E-mail: <a href=\"mailto:kontakt@studiomikaca.com\">kontakt@studiomikaca.com<\/a><br \/>Web: <a href=\"https:\/\/studiomikaca.com\/en\/\">studiomikaca.com<\/a><\/p>\t\t\t\t\t\t\t\t<\/div>\n\t\t\t\t<\/div>\n\t\t\t\t\t<\/div>\n\t\t<\/div>\n\t\t\t\t\t<\/div>\n\t\t<\/section>\n\t\t\t\t<section class=\"elementor-section elementor-inner-section elementor-element elementor-element-67d7035 elementor-section-boxed elementor-section-height-default elementor-section-height-default\" data-id=\"67d7035\" data-element_type=\"section\" data-settings=\"{&quot;_ha_eqh_enable&quot;:false}\">\n\t\t\t\t\t\t<div class=\"elementor-container elementor-column-gap-default\">\n\t\t\t\t\t<div class=\"elementor-column elementor-col-100 elementor-inner-column elementor-element elementor-element-80f91cc\" data-id=\"80f91cc\" data-element_type=\"column\">\n\t\t\t<div class=\"elementor-widget-wrap elementor-element-populated\">\n\t\t\t\t\t\t<div class=\"elementor-element elementor-element-ca68d45 elementor-widget elementor-widget-text-editor\" data-id=\"ca68d45\" data-element_type=\"widget\" data-widget_type=\"text-editor.default\">\n\t\t\t\t<div class=\"elementor-widget-container\">\n\t\t\t\t\t\t\t\t\t<p><strong>Work time<\/strong><\/p><p>Mon \u2013\u00a0 Fri: 11:00h \u2013 14:00h<br \/>\u00a0 \u00a0 \u00a0 \u00a0 \u00a0 \u00a0 \u00a0 \u00a0 \u00a0 \u00a0 \u00a0 \u00a0 16:00 &#8211; 21:00h<\/p><p>Saturday: 09:00 \u2013 14:00h<br \/>We don't work on Sundays.<\/p>\t\t\t\t\t\t\t\t<\/div>\n\t\t\t\t<\/div>\n\t\t\t\t\t<\/div>\n\t\t<\/div>\n\t\t\t\t\t<\/div>\n\t\t<\/section>\n\t\t\t\t\t<\/div>\n\t\t<\/div>\n\t\t\t\t\t<\/div>\n\t\t<\/section>\n\t\t\t\t<section class=\"elementor-section elementor-top-section elementor-element elementor-element-539bbc5 elementor-section-full_width elementor-section-stretched elementor-section-height-default elementor-section-height-default\" data-id=\"539bbc5\" data-element_type=\"section\" data-settings=\"{&quot;stretch_section&quot;:&quot;section-stretched&quot;,&quot;_ha_eqh_enable&quot;:false}\">\n\t\t\t\t\t\t<div class=\"elementor-container elementor-column-gap-default\">\n\t\t\t\t\t<div class=\"elementor-column elementor-col-100 elementor-top-column elementor-element elementor-element-c0b2fb3\" data-id=\"c0b2fb3\" data-element_type=\"column\">\n\t\t\t<div class=\"elementor-widget-wrap elementor-element-populated\">\n\t\t\t\t\t\t<div class=\"elementor-element elementor-element-3531417 elementor-widget__width-initial elementor-widget elementor-widget-google_maps\" data-id=\"3531417\" data-element_type=\"widget\" data-widget_type=\"google_maps.default\">\n\t\t\t\t<div class=\"elementor-widget-container\">\n\t\t\t\t\t\t\t<div class=\"elementor-custom-embed\">\n\t\t\t<iframe loading=\"lazy\"\n\t\t\t\t\tsrc=\"https:\/\/maps.google.com\/maps?q=Karadjordjeva%2079&#038;t=m&#038;z=17&#038;output=embed&#038;iwloc=near\"\n\t\t\t\t\ttitle=\"Karadjordjeva 79\"\n\t\t\t\t\taria-label=\"Karadjordjeva 79\"\n\t\t\t><\/iframe>\n\t\t<\/div>\n\t\t\t\t\t\t<\/div>\n\t\t\t\t<\/div>\n\t\t\t\t\t<\/div>\n\t\t<\/div>\n\t\t\t\t\t<\/div>\n\t\t<\/section>\n\t\t\t\t<\/div>","protected":false},"excerpt":{"rendered":"<p>Kontaktirajte nas Ukoliko imate pitanja u vezi na\u0161ih proizvoda ili \u017eelite da se naru\u010dite na masa\u017eu, slobodno nas kontaktirajte putem forme ispod ili na broj telefona. Studio za ravnote\u017eu, njegu i fizio tijela MIKA\u010cA Dragan Mika\u010da s.p. Banja Luka Tel: +387 65 560 230E-mail: kontakt@studiomikaca.comWeb: studiomikaca.com Radno vrijeme Pon &#8211;\u00a0 Pet.: 11:00 &#8211; 14:00h\u00a0 \u00a0 [&hellip;]<\/p>","protected":false},"author":1,"featured_media":2805,"parent":0,"menu_order":0,"comment_status":"closed","ping_status":"closed","template":"","meta":{"footnotes":""},"class_list":["post-280","page","type-page","status-publish","has-post-thumbnail","hentry"],"yoast_head":"<!-- This site is optimized with the Yoast SEO plugin v25.8 - https:\/\/yoast.com\/wordpress\/plugins\/seo\/ -->\n<title>Kontakt - STUDIO MIKA\u010cA<\/title>\n<meta name=\"description\" content=\"Njega tijela uklju\u010duje brigu o tijelu od glave do pete. Mi smo mjesto gdje se mo\u017eete preporoditi. Kontaktirajte nas.\" \/>\n<meta name=\"robots\" content=\"index, follow, max-snippet:-1, max-image-preview:large, max-video-preview:-1\" \/>\n<link rel=\"canonical\" href=\"https:\/\/studiomikaca.com\/en\/kontakt\/\" \/>\n<meta property=\"og:locale\" content=\"en_US\" \/>\n<meta property=\"og:type\" content=\"article\" \/>\n<meta property=\"og:title\" content=\"Kontakt - STUDIO MIKA\u010cA\" \/>\n<meta property=\"og:description\" content=\"Njega tijela uklju\u010duje brigu o tijelu od glave do pete. Mi smo mjesto gdje se mo\u017eete preporoditi. Kontaktirajte nas.\" \/>\n<meta property=\"og:url\" content=\"https:\/\/studiomikaca.com\/en\/kontakt\/\" \/>\n<meta property=\"og:site_name\" content=\"STUDIO MIKA\u010cA\" \/>\n<meta property=\"article:publisher\" content=\"https:\/\/www.facebook.com\/studiofitbl\" \/>\n<meta property=\"article:modified_time\" content=\"2025-09-08T12:01:24+00:00\" \/>\n<meta property=\"og:image\" content=\"https:\/\/studiomikaca.com\/wp-content\/uploads\/2022\/08\/13.jpg\" \/>\n\t<meta property=\"og:image:width\" content=\"2000\" \/>\n\t<meta property=\"og:image:height\" content=\"1245\" \/>\n\t<meta property=\"og:image:type\" content=\"image\/jpeg\" \/>\n<meta name=\"twitter:card\" content=\"summary_large_image\" \/>\n<meta name=\"twitter:label1\" content=\"Est. reading time\" \/>\n\t<meta name=\"twitter:data1\" content=\"1 minute\" \/>\n<script type=\"application\/ld+json\" class=\"yoast-schema-graph\">{\"@context\":\"https:\/\/schema.org\",\"@graph\":[{\"@type\":\"WebPage\",\"@id\":\"https:\/\/studiomikaca.com\/kontakt\/\",\"url\":\"https:\/\/studiomikaca.com\/kontakt\/\",\"name\":\"Kontakt - STUDIO MIKA\u010cA\",\"isPartOf\":{\"@id\":\"https:\/\/studiomikaca.com\/#website\"},\"primaryImageOfPage\":{\"@id\":\"https:\/\/studiomikaca.com\/kontakt\/#primaryimage\"},\"image\":{\"@id\":\"https:\/\/studiomikaca.com\/kontakt\/#primaryimage\"},\"thumbnailUrl\":\"https:\/\/i0.wp.com\/studiomikaca.com\/wp-content\/uploads\/2022\/08\/13.jpg?fit=2000%2C1245&ssl=1\",\"datePublished\":\"2022-06-15T12:15:30+00:00\",\"dateModified\":\"2025-09-08T12:01:24+00:00\",\"description\":\"Njega tijela uklju\u010duje brigu o tijelu od glave do pete. Mi smo mjesto gdje se mo\u017eete preporoditi. Kontaktirajte nas.\",\"breadcrumb\":{\"@id\":\"https:\/\/studiomikaca.com\/kontakt\/#breadcrumb\"},\"inLanguage\":\"en-US\",\"potentialAction\":[{\"@type\":\"ReadAction\",\"target\":[\"https:\/\/studiomikaca.com\/kontakt\/\"]}]},{\"@type\":\"ImageObject\",\"inLanguage\":\"en-US\",\"@id\":\"https:\/\/studiomikaca.com\/kontakt\/#primaryimage\",\"url\":\"https:\/\/i0.wp.com\/studiomikaca.com\/wp-content\/uploads\/2022\/08\/13.jpg?fit=2000%2C1245&ssl=1\",\"contentUrl\":\"https:\/\/i0.wp.com\/studiomikaca.com\/wp-content\/uploads\/2022\/08\/13.jpg?fit=2000%2C1245&ssl=1\",\"width\":2000,\"height\":1245},{\"@type\":\"BreadcrumbList\",\"@id\":\"https:\/\/studiomikaca.com\/kontakt\/#breadcrumb\",\"itemListElement\":[{\"@type\":\"ListItem\",\"position\":1,\"name\":\"Po\u010detna\",\"item\":\"https:\/\/studiomikaca.com\/\"},{\"@type\":\"ListItem\",\"position\":2,\"name\":\"Kontakt\"}]},{\"@type\":\"WebSite\",\"@id\":\"https:\/\/studiomikaca.com\/#website\",\"url\":\"https:\/\/studiomikaca.com\/\",\"name\":\"STUDIO MIKA\u010cA\",\"description\":\"Studio za ravnote\u017eu, njegu i fizio tijela\",\"publisher\":{\"@id\":\"https:\/\/studiomikaca.com\/#organization\"},\"potentialAction\":[{\"@type\":\"SearchAction\",\"target\":{\"@type\":\"EntryPoint\",\"urlTemplate\":\"https:\/\/studiomikaca.com\/?s={search_term_string}\"},\"query-input\":{\"@type\":\"PropertyValueSpecification\",\"valueRequired\":true,\"valueName\":\"search_term_string\"}}],\"inLanguage\":\"en-US\"},{\"@type\":\"Organization\",\"@id\":\"https:\/\/studiomikaca.com\/#organization\",\"name\":\"STUDIO MIKA\u010cA\",\"url\":\"https:\/\/studiomikaca.com\/\",\"logo\":{\"@type\":\"ImageObject\",\"inLanguage\":\"en-US\",\"@id\":\"https:\/\/studiomikaca.com\/#\/schema\/logo\/image\/\",\"url\":\"https:\/\/studiomikaca.com\/wp-content\/uploads\/2022\/06\/favicon.png\",\"contentUrl\":\"https:\/\/studiomikaca.com\/wp-content\/uploads\/2022\/06\/favicon.png\",\"width\":512,\"height\":512,\"caption\":\"STUDIO MIKA\u010cA\"},\"image\":{\"@id\":\"https:\/\/studiomikaca.com\/#\/schema\/logo\/image\/\"},\"sameAs\":[\"https:\/\/www.facebook.com\/studiofitbl\"]}]}<\/script>\n<!-- \/ Yoast SEO plugin. -->","yoast_head_json":{"title":"Kontakt - STUDIO MIKA\u010cA","description":"Njega tijela uklju\u010duje brigu o tijelu od glave do pete. Mi smo mjesto gdje se mo\u017eete preporoditi. Kontaktirajte nas.","robots":{"index":"index","follow":"follow","max-snippet":"max-snippet:-1","max-image-preview":"max-image-preview:large","max-video-preview":"max-video-preview:-1"},"canonical":"https:\/\/studiomikaca.com\/en\/kontakt\/","og_locale":"en_US","og_type":"article","og_title":"Kontakt - STUDIO MIKA\u010cA","og_description":"Njega tijela uklju\u010duje brigu o tijelu od glave do pete. Mi smo mjesto gdje se mo\u017eete preporoditi. Kontaktirajte nas.","og_url":"https:\/\/studiomikaca.com\/en\/kontakt\/","og_site_name":"STUDIO MIKA\u010cA","article_publisher":"https:\/\/www.facebook.com\/studiofitbl","article_modified_time":"2025-09-08T12:01:24+00:00","og_image":[{"width":2000,"height":1245,"url":"https:\/\/studiomikaca.com\/wp-content\/uploads\/2022\/08\/13.jpg","type":"image\/jpeg"}],"twitter_card":"summary_large_image","twitter_misc":{"Est. reading time":"1 minute"},"schema":{"@context":"https:\/\/schema.org","@graph":[{"@type":"WebPage","@id":"https:\/\/studiomikaca.com\/kontakt\/","url":"https:\/\/studiomikaca.com\/kontakt\/","name":"Kontakt - STUDIO MIKA\u010cA","isPartOf":{"@id":"https:\/\/studiomikaca.com\/#website"},"primaryImageOfPage":{"@id":"https:\/\/studiomikaca.com\/kontakt\/#primaryimage"},"image":{"@id":"https:\/\/studiomikaca.com\/kontakt\/#primaryimage"},"thumbnailUrl":"https:\/\/i0.wp.com\/studiomikaca.com\/wp-content\/uploads\/2022\/08\/13.jpg?fit=2000%2C1245&ssl=1","datePublished":"2022-06-15T12:15:30+00:00","dateModified":"2025-09-08T12:01:24+00:00","description":"Njega tijela uklju\u010duje brigu o tijelu od glave do pete. Mi smo mjesto gdje se mo\u017eete preporoditi. Kontaktirajte nas.","breadcrumb":{"@id":"https:\/\/studiomikaca.com\/kontakt\/#breadcrumb"},"inLanguage":"en-US","potentialAction":[{"@type":"ReadAction","target":["https:\/\/studiomikaca.com\/kontakt\/"]}]},{"@type":"ImageObject","inLanguage":"en-US","@id":"https:\/\/studiomikaca.com\/kontakt\/#primaryimage","url":"https:\/\/i0.wp.com\/studiomikaca.com\/wp-content\/uploads\/2022\/08\/13.jpg?fit=2000%2C1245&ssl=1","contentUrl":"https:\/\/i0.wp.com\/studiomikaca.com\/wp-content\/uploads\/2022\/08\/13.jpg?fit=2000%2C1245&ssl=1","width":2000,"height":1245},{"@type":"BreadcrumbList","@id":"https:\/\/studiomikaca.com\/kontakt\/#breadcrumb","itemListElement":[{"@type":"ListItem","position":1,"name":"Po\u010detna","item":"https:\/\/studiomikaca.com\/"},{"@type":"ListItem","position":2,"name":"Kontakt"}]},{"@type":"WebSite","@id":"https:\/\/studiomikaca.com\/#website","url":"https:\/\/studiomikaca.com\/","name":"STUDIO MIKA\u010cA","description":"Studio za ravnote\u017eu, njegu i fizio tijela","publisher":{"@id":"https:\/\/studiomikaca.com\/#organization"},"potentialAction":[{"@type":"SearchAction","target":{"@type":"EntryPoint","urlTemplate":"https:\/\/studiomikaca.com\/?s={search_term_string}"},"query-input":{"@type":"PropertyValueSpecification","valueRequired":true,"valueName":"search_term_string"}}],"inLanguage":"en-US"},{"@type":"Organization","@id":"https:\/\/studiomikaca.com\/#organization","name":"STUDIO MIKA\u010cA","url":"https:\/\/studiomikaca.com\/","logo":{"@type":"ImageObject","inLanguage":"en-US","@id":"https:\/\/studiomikaca.com\/#\/schema\/logo\/image\/","url":"https:\/\/studiomikaca.com\/wp-content\/uploads\/2022\/06\/favicon.png","contentUrl":"https:\/\/studiomikaca.com\/wp-content\/uploads\/2022\/06\/favicon.png","width":512,"height":512,"caption":"STUDIO MIKA\u010cA"},"image":{"@id":"https:\/\/studiomikaca.com\/#\/schema\/logo\/image\/"},"sameAs":["https:\/\/www.facebook.com\/studiofitbl"]}]}},"jetpack_sharing_enabled":true,"_links":{"self":[{"href":"https:\/\/studiomikaca.com\/en\/wp-json\/wp\/v2\/pages\/280","targetHints":{"allow":["GET"]}}],"collection":[{"href":"https:\/\/studiomikaca.com\/en\/wp-json\/wp\/v2\/pages"}],"about":[{"href":"https:\/\/studiomikaca.com\/en\/wp-json\/wp\/v2\/types\/page"}],"author":[{"embeddable":true,"href":"https:\/\/studiomikaca.com\/en\/wp-json\/wp\/v2\/users\/1"}],"replies":[{"embeddable":true,"href":"https:\/\/studiomikaca.com\/en\/wp-json\/wp\/v2\/comments?post=280"}],"version-history":[{"count":27,"href":"https:\/\/studiomikaca.com\/en\/wp-json\/wp\/v2\/pages\/280\/revisions"}],"predecessor-version":[{"id":3109,"href":"https:\/\/studiomikaca.com\/en\/wp-json\/wp\/v2\/pages\/280\/revisions\/3109"}],"wp:featuredmedia":[{"embeddable":true,"href":"https:\/\/studiomikaca.com\/en\/wp-json\/wp\/v2\/media\/2805"}],"wp:attachment":[{"href":"https:\/\/studiomikaca.com\/en\/wp-json\/wp\/v2\/media?parent=280"}],"curies":[{"name":"wp","href":"https:\/\/api.w.org\/{rel}","templated":true}]}}